{"id":2410,"date":"2022-04-24T12:23:31","date_gmt":"2022-04-24T12:23:31","guid":{"rendered":"https:\/\/www.die-himmels.de\/?page_id=2410"},"modified":"2022-10-13T20:07:45","modified_gmt":"2022-10-13T20:07:45","slug":"bienenhaltung-a-la-udo","status":"publish","type":"page","link":"https:\/\/www.die-himmels.de\/?page_id=2410","title":{"rendered":"Bienenhaltung a\u00b4 la Udo"},"content":{"rendered":"\n<p>Dieses Kapitel  widmet sich Bienen und  deren Haltung.<br>Vor rund 6-7 Jahren kam die Idee auf, dass wir Nachbarn, Theodor und Theophil uns der Bienenhaltung zuwenden k\u00f6nnten. Mir schwebte als Start urspr\u00fcnglich der Eintritt in das Rentnerdasein vor.<br>Doch anders als anf\u00e4nglich geplant, hatte Theodor Bienen und Equipment organisiert. <br>Wir waren pl\u00f6tzlich Imker. <br>Uns stand urspr\u00fcnglich ein anderer  Imker als Pate zur Seite. Doch wollte sich die Zusammenarbeit und das Einfinden in unsere Rollen nicht ideal entwickeln.<br>Und nat\u00fcrlich passierte das, was passieren musste, wenn man nicht gen\u00fcgend Kompetenz hat.  Gemeint ist unser Mangel an Kompetenz, nicht die des damaligen Paten. Wir  verloren unsere ersten V\u00f6lker. <br>Im Fr\u00fchjar waren die Bienenst\u00f6cke einfach leer! Die Bienen haben sich nicht etwa verflogen oder verirrt. Sie waren &#8211; das wissen wir heute- der Varroa zum Opfer gefallen.<br>Auf der Suche nach neuen V\u00f6lkern ist uns Udo, der ein Volk abzugeben hatte, genannt worden.<br>Die Begegnung mit Udo, der Bienensachverst\u00e4ndiger ist, war f\u00fcr mich! ern\u00fcchternd. Ich merkte rasch, wo ich hinsichtlich des Wissens um die Bienen und deren Haltung stand.<br>Baldschon konnten wir  dankenswerterweise Udo als Mentor f\u00fcr unsere Imkerei gewinnen. <br>So begann unser Imkern auf einem v\u00f6llig anderen Niveau.<br>Nun ist leicht herzuleiten, warum dieses Kapitel Bienenhaltung a\u00b4 la Udo hei\u00dft.<br><\/p>\n\n\n\n<h2 class=\"wp-block-heading\">Die neusten Beitr\u00e4ge<\/h2>\n\n\n<ul class=\"wp-block-latest-posts__list wp-block-latest-posts\"><li><a class=\"wp-block-latest-posts__post-title\" href=\"https:\/\/www.die-himmels.de\/?p=2773\">V\u00f6lker um zweiten Brutraum erweitert<\/a><\/li>\n<li><a class=\"wp-block-latest-posts__post-title\" href=\"https:\/\/www.die-himmels.de\/?p=2764\">Untere Etagen entfernt: Wabenhygiene<\/a><\/li>\n<li><a class=\"wp-block-latest-posts__post-title\" href=\"https:\/\/www.die-himmels.de\/?p=2755\">Temperaturen in den V\u00f6lkern<\/a><\/li>\n<li><a class=\"wp-block-latest-posts__post-title\" href=\"https:\/\/www.die-himmels.de\/?p=2739\">Varroabehandlung Ende Oktober<\/a><\/li>\n<li><a class=\"wp-block-latest-posts__post-title\" href=\"https:\/\/www.die-himmels.de\/?p=2730\">V2 und V3 aufgef\u00fcttert<\/a><\/li>\n<\/ul>\n\n\n<h2 class=\"wp-block-heading\">Kategorien<\/h2>\n\n\n<ul class=\"wp-block-categories-list wp-block-categories-taxonomy-category wp-block-categories\">\t<li class=\"cat-item cat-item-32\"><a href=\"https:\/\/www.die-himmels.de\/?cat=32\">Ableger1<\/a>\n<\/li>\n\t<li class=\"cat-item cat-item-50\"><a href=\"https:\/\/www.die-himmels.de\/?cat=50\">Ableger2<\/a>\n<\/li>\n\t<li class=\"cat-item cat-item-51\"><a href=\"https:\/\/www.die-himmels.de\/?cat=51\">Ableger3<\/a>\n<\/li>\n\t<li class=\"cat-item cat-item-55\"><a href=\"https:\/\/www.die-himmels.de\/?cat=55\">Ameisens\u00e4urebehandlung<\/a>\n<\/li>\n\t<li class=\"cat-item cat-item-60\"><a href=\"https:\/\/www.die-himmels.de\/?cat=60\">F\u00fcttern<\/a>\n<\/li>\n\t<li class=\"cat-item cat-item-1\"><a href=\"https:\/\/www.die-himmels.de\/?cat=1\">Generell<\/a>\n<\/li>\n\t<li class=\"cat-item cat-item-62\"><a href=\"https:\/\/www.die-himmels.de\/?cat=62\">Gewichte<\/a>\n<\/li>\n\t<li class=\"cat-item cat-item-33\"><a href=\"https:\/\/www.die-himmels.de\/?cat=33\">Honig<\/a>\n<\/li>\n\t<li class=\"cat-item cat-item-22\"><a href=\"https:\/\/www.die-himmels.de\/?cat=22\">Hummeln<\/a>\n<\/li>\n\t<li class=\"cat-item cat-item-4\"><a href=\"https:\/\/www.die-himmels.de\/?cat=4\">In eigener Sache<\/a>\n<\/li>\n\t<li class=\"cat-item cat-item-61\"><a href=\"https:\/\/www.die-himmels.de\/?cat=61\">K\u00f6niginnentausch<\/a>\n<\/li>\n\t<li class=\"cat-item cat-item-17\"><a href=\"https:\/\/www.die-himmels.de\/?cat=17\">Methoden und Techniken<\/a>\n<\/li>\n\t<li class=\"cat-item cat-item-29\"><a href=\"https:\/\/www.die-himmels.de\/?cat=29\">Schwarm<\/a>\n<\/li>\n\t<li class=\"cat-item cat-item-36\"><a href=\"https:\/\/www.die-himmels.de\/?cat=36\">Tagebuch 2022<\/a>\n<\/li>\n\t<li class=\"cat-item cat-item-63\"><a href=\"https:\/\/www.die-himmels.de\/?cat=63\">Tagebuch 2023<\/a>\n<\/li>\n\t<li class=\"cat-item cat-item-48\"><a href=\"https:\/\/www.die-himmels.de\/?cat=48\">Varroabehandlung<\/a>\n<\/li>\n\t<li class=\"cat-item cat-item-9\"><a href=\"https:\/\/www.die-himmels.de\/?cat=9\">Volk1<\/a>\n<\/li>\n\t<li class=\"cat-item cat-item-10\"><a href=\"https:\/\/www.die-himmels.de\/?cat=10\">Volk2<\/a>\n<\/li>\n\t<li class=\"cat-item cat-item-11\"><a href=\"https:\/\/www.die-himmels.de\/?cat=11\">Volk3<\/a>\n<\/li>\n<\/ul>\n\n\n<h2 class=\"wp-block-heading\">Schlagw\u00f6rter<\/h2>\n\n\n<p class=\"wp-block-tag-cloud\"><a href=\"https:\/\/www.die-himmels.de\/?tag=2-honigraum\" class=\"tag-cloud-link tag-link-34 tag-link-position-1\" style=\"font-size: 8pt;\" aria-label=\"2.Honigraum (1 Eintrag)\">2.Honigraum<\/a>\n<a href=\"https:\/\/www.die-himmels.de\/?tag=abschleudern\" class=\"tag-cloud-link tag-link-56 tag-link-position-2\" style=\"font-size: 8pt;\" aria-label=\"Abschleudern (1 Eintrag)\">Abschleudern<\/a>\n<a href=\"https:\/\/www.die-himmels.de\/?tag=baurahmen\" class=\"tag-cloud-link tag-link-41 tag-link-position-3\" style=\"font-size: 8pt;\" aria-label=\"Baurahmen (1 Eintrag)\">Baurahmen<\/a>\n<a href=\"https:\/\/www.die-himmels.de\/?tag=bienenjahr\" class=\"tag-cloud-link tag-link-8 tag-link-position-4\" style=\"font-size: 8pt;\" aria-label=\"Bienenjahr (1 Eintrag)\">Bienenjahr<\/a>\n<a href=\"https:\/\/www.die-himmels.de\/?tag=dank\" class=\"tag-cloud-link tag-link-7 tag-link-position-5\" style=\"font-size: 8pt;\" aria-label=\"Dank (1 Eintrag)\">Dank<\/a>\n<a href=\"https:\/\/www.die-himmels.de\/?tag=durchsicht\" class=\"tag-cloud-link tag-link-27 tag-link-position-6\" style=\"font-size: 22pt;\" aria-label=\"Durchsicht (3 Eintr\u00e4ge)\">Durchsicht<\/a>\n<a href=\"https:\/\/www.die-himmels.de\/?tag=einfuettern\" class=\"tag-cloud-link tag-link-21 tag-link-position-7\" style=\"font-size: 22pt;\" aria-label=\"Einf\u00fcttern (3 Eintr\u00e4ge)\">Einf\u00fcttern<\/a>\n<a href=\"https:\/\/www.die-himmels.de\/?tag=futtergabe\" class=\"tag-cloud-link tag-link-57 tag-link-position-8\" style=\"font-size: 8pt;\" aria-label=\"Futtergabe (1 Eintrag)\">Futtergabe<\/a>\n<a href=\"https:\/\/www.die-himmels.de\/?tag=gewicht\" class=\"tag-cloud-link tag-link-16 tag-link-position-9\" style=\"font-size: 8pt;\" aria-label=\"Gewicht (1 Eintrag)\">Gewicht<\/a>\n<a href=\"https:\/\/www.die-himmels.de\/?tag=gewichtskontrolle\" class=\"tag-cloud-link tag-link-20 tag-link-position-10\" style=\"font-size: 8pt;\" aria-label=\"Gewichtskontrolle (1 Eintrag)\">Gewichtskontrolle<\/a>\n<a href=\"https:\/\/www.die-himmels.de\/?tag=halbseitig-wiegen\" class=\"tag-cloud-link tag-link-18 tag-link-position-11\" style=\"font-size: 8pt;\" aria-label=\"halbseitig wiegen (1 Eintrag)\">halbseitig wiegen<\/a>\n<a href=\"https:\/\/www.die-himmels.de\/?tag=honigraeume\" class=\"tag-cloud-link tag-link-12 tag-link-position-12\" style=\"font-size: 8pt;\" aria-label=\"Honigr\u00e4ume (1 Eintrag)\">Honigr\u00e4ume<\/a>\n<a href=\"https:\/\/www.die-himmels.de\/?tag=honigverarbeitung\" class=\"tag-cloud-link tag-link-44 tag-link-position-13\" style=\"font-size: 8pt;\" aria-label=\"Honigverarbeitung (1 Eintrag)\">Honigverarbeitung<\/a>\n<a href=\"https:\/\/www.die-himmels.de\/?tag=impfen\" class=\"tag-cloud-link tag-link-45 tag-link-position-14\" style=\"font-size: 8pt;\" aria-label=\"Impfen (1 Eintrag)\">Impfen<\/a>\n<a href=\"https:\/\/www.die-himmels.de\/?tag=kirschbluete\" class=\"tag-cloud-link tag-link-23 tag-link-position-15\" style=\"font-size: 8pt;\" aria-label=\"Kirschbl\u00fcte (1 Eintrag)\">Kirschbl\u00fcte<\/a>\n<a href=\"https:\/\/www.die-himmels.de\/?tag=kofferwaage\" class=\"tag-cloud-link tag-link-19 tag-link-position-16\" style=\"font-size: 8pt;\" aria-label=\"Kofferwaage (1 Eintrag)\">Kofferwaage<\/a>\n<a href=\"https:\/\/www.die-himmels.de\/?tag=koeniginn-kennzeichnen\" class=\"tag-cloud-link tag-link-52 tag-link-position-17\" style=\"font-size: 8pt;\" aria-label=\"K\u00f6niginn kennzeichnen (1 Eintrag)\">K\u00f6niginn kennzeichnen<\/a>\n<a href=\"https:\/\/www.die-himmels.de\/?tag=koenigin-tot-oder-weg\" class=\"tag-cloud-link tag-link-43 tag-link-position-18\" style=\"font-size: 8pt;\" aria-label=\"K\u00f6nigin tot oder weg (1 Eintrag)\">K\u00f6nigin tot oder weg<\/a>\n<a href=\"https:\/\/www.die-himmels.de\/?tag=milben-zaehlen\" class=\"tag-cloud-link tag-link-49 tag-link-position-19\" style=\"font-size: 8pt;\" aria-label=\"Milben z\u00e4hlen (1 Eintrag)\">Milben z\u00e4hlen<\/a>\n<a href=\"https:\/\/www.die-himmels.de\/?tag=raeuberei\" class=\"tag-cloud-link tag-link-58 tag-link-position-20\" style=\"font-size: 8pt;\" aria-label=\"R\u00e4uberei (1 Eintrag)\">R\u00e4uberei<\/a>\n<a href=\"https:\/\/www.die-himmels.de\/?tag=schwarm\" class=\"tag-cloud-link tag-link-26 tag-link-position-21\" style=\"font-size: 8pt;\" aria-label=\"Schwarm (1 Eintrag)\">Schwarm<\/a>\n<a href=\"https:\/\/www.die-himmels.de\/?tag=schwarmkontrolle\" class=\"tag-cloud-link tag-link-30 tag-link-position-22\" style=\"font-size: 8pt;\" aria-label=\"Schwarmkontrolle (1 Eintrag)\">Schwarmkontrolle<\/a>\n<a href=\"https:\/\/www.die-himmels.de\/?tag=schwarmstimmung\" class=\"tag-cloud-link tag-link-31 tag-link-position-23\" style=\"font-size: 8pt;\" aria-label=\"Schwarmstimmung (1 Eintrag)\">Schwarmstimmung<\/a>\n<a href=\"https:\/\/www.die-himmels.de\/?tag=schwaermen\" class=\"tag-cloud-link tag-link-25 tag-link-position-24\" style=\"font-size: 16.4pt;\" aria-label=\"Schw\u00e4rmen (2 Eintr\u00e4ge)\">Schw\u00e4rmen<\/a>\n<a href=\"https:\/\/www.die-himmels.de\/?tag=sommersonnenwende\" class=\"tag-cloud-link tag-link-47 tag-link-position-25\" style=\"font-size: 8pt;\" aria-label=\"Sommersonnenwende (1 Eintrag)\">Sommersonnenwende<\/a>\n<a href=\"https:\/\/www.die-himmels.de\/?tag=start\" class=\"tag-cloud-link tag-link-6 tag-link-position-26\" style=\"font-size: 8pt;\" aria-label=\"Start (1 Eintrag)\">Start<\/a>\n<a href=\"https:\/\/www.die-himmels.de\/?tag=varroabehandlung\" class=\"tag-cloud-link tag-link-46 tag-link-position-27\" style=\"font-size: 8pt;\" aria-label=\"Varroabehandlung (1 Eintrag)\">Varroabehandlung<\/a>\n<a href=\"https:\/\/www.die-himmels.de\/?tag=verstaerken\" class=\"tag-cloud-link tag-link-14 tag-link-position-28\" style=\"font-size: 8pt;\" aria-label=\"Verst\u00e4rken (1 Eintrag)\">Verst\u00e4rken<\/a>\n<a href=\"https:\/\/www.die-himmels.de\/?tag=volksdurchsicht\" class=\"tag-cloud-link tag-link-28 tag-link-position-29\" style=\"font-size: 8pt;\" aria-label=\"Volksdurchsicht (1 Eintrag)\">Volksdurchsicht<\/a>\n<a href=\"https:\/\/www.die-himmels.de\/?tag=wassergehalt\" class=\"tag-cloud-link tag-link-37 tag-link-position-30\" style=\"font-size: 8pt;\" aria-label=\"Wassergehalt (1 Eintrag)\">Wassergehalt<\/a>\n<a href=\"https:\/\/www.die-himmels.de\/?tag=wassergehalt-des-honigs\" class=\"tag-cloud-link tag-link-35 tag-link-position-31\" style=\"font-size: 8pt;\" aria-label=\"Wassergehalt des Honigs (1 Eintrag)\">Wassergehalt des Honigs<\/a>\n<a href=\"https:\/\/www.die-himmels.de\/?tag=wassergehalt-im-vergleich\" class=\"tag-cloud-link tag-link-39 tag-link-position-32\" style=\"font-size: 8pt;\" aria-label=\"Wassergehalt im Vergleich (1 Eintrag)\">Wassergehalt im Vergleich<\/a>\n<a href=\"https:\/\/www.die-himmels.de\/?tag=weiselprobe\" class=\"tag-cloud-link tag-link-42 tag-link-position-33\" style=\"font-size: 8pt;\" aria-label=\"weiselprobe (1 Eintrag)\">weiselprobe<\/a>\n<a href=\"https:\/\/www.die-himmels.de\/?tag=winterfest-machen\" class=\"tag-cloud-link tag-link-59 tag-link-position-34\" style=\"font-size: 8pt;\" aria-label=\"winterfest machen (1 Eintrag)\">winterfest machen<\/a>\n<a href=\"https:\/\/www.die-himmels.de\/?tag=zahl-der-honigraeume\" class=\"tag-cloud-link tag-link-38 tag-link-position-35\" style=\"font-size: 8pt;\" aria-label=\"Zahl der Honigr\u00e4ume (1 Eintrag)\">Zahl der Honigr\u00e4ume<\/a>\n<a href=\"https:\/\/www.die-himmels.de\/?tag=ueber-diesen-blog\" class=\"tag-cloud-link tag-link-5 tag-link-position-36\" style=\"font-size: 8pt;\" aria-label=\"\u00dcber diesen Blog (1 Eintrag)\">\u00dcber diesen Blog<\/a><\/p>","protected":false},"excerpt":{"rendered":"<p>Dieses Kapitel widmet sich Bienen und deren Haltung.Vor rund 6-7 Jahren kam die Idee auf, dass wir Nachbarn, Theodor und Theophil uns der Bienenhaltung zuwenden k\u00f6nnten. Mir schwebte als Start urspr\u00fcnglich der Eintritt in das Rentnerdasein vor.Doch anders als anf\u00e4nglich geplant, hatte Theodor Bienen und Equipment organisiert. Wir waren pl\u00f6tzlich Imker. Uns stand urspr\u00fcnglich ein &hellip; <\/p>\n<p class=\"link-more\"><a href=\"https:\/\/www.die-himmels.de\/?page_id=2410\" class=\"more-link\"><span class=\"screen-reader-text\">\u201eBienenhaltung a\u00b4 la Udo\u201c<\/span> weiterlesen<\/a><\/p>\n","protected":false},"author":1,"featured_media":0,"parent":0,"menu_order":0,"comment_status":"closed","ping_status":"closed","template":"","meta":{"ngg_post_thumbnail":0,"footnotes":""},"class_list":["post-2410","page","type-page","status-publish","hentry"],"_links":{"self":[{"href":"https:\/\/www.die-himmels.de\/index.php?rest_route=\/wp\/v2\/pages\/2410","targetHints":{"allow":["GET"]}}],"collection":[{"href":"https:\/\/www.die-himmels.de\/index.php?rest_route=\/wp\/v2\/pages"}],"about":[{"href":"https:\/\/www.die-himmels.de\/index.php?rest_route=\/wp\/v2\/types\/page"}],"author":[{"embeddable":true,"href":"https:\/\/www.die-himmels.de\/index.php?rest_route=\/wp\/v2\/users\/1"}],"replies":[{"embeddable":true,"href":"https:\/\/www.die-himmels.de\/index.php?rest_route=%2Fwp%2Fv2%2Fcomments&post=2410"}],"version-history":[{"count":12,"href":"https:\/\/www.die-himmels.de\/index.php?rest_route=\/wp\/v2\/pages\/2410\/revisions"}],"predecessor-version":[{"id":2724,"href":"https:\/\/www.die-himmels.de\/index.php?rest_route=\/wp\/v2\/pages\/2410\/revisions\/2724"}],"wp:attachment":[{"href":"https:\/\/www.die-himmels.de\/index.php?rest_route=%2Fwp%2Fv2%2Fmedia&parent=2410"}],"curies":[{"name":"wp","href":"https:\/\/api.w.org\/{rel}","templated":true}]}}