{"id":2786,"date":"2023-05-30T09:21:01","date_gmt":"2023-05-30T09:21:01","guid":{"rendered":"https:\/\/www.die-himmels.de\/?page_id=2786"},"modified":"2023-06-18T08:04:22","modified_gmt":"2023-06-18T08:04:22","slug":"wissenswertes-zum-honig","status":"publish","type":"page","link":"https:\/\/www.die-himmels.de\/?page_id=2786","title":{"rendered":"Wissenswertes zum Thema Honig"},"content":{"rendered":"\n<p><a href=\"https:\/\/de.wikipedia.org\/wiki\/Honig\">Honig<\/a><br><br><a href=\"https:\/\/de.wikipedia.org\/wiki\/Honig#Entstehung\">Honigentstehung<\/a><br><br><a href=\"https:\/\/www.google.de\/url?sa=t&amp;rct=j&amp;q=&amp;esrc=s&amp;source=web&amp;cd=&amp;ved=2ahUKEwj0jLSr2Jz_AhWrSPEDHahbCewQFnoECA0QAQ&amp;url=https%3A%2F%2Fwww.lwg.bayern.de%2Fmam%2Fcms06%2Fbienen%2Fdateien%2Freinigung_honiggl%25C3%25A4ser.pdf&amp;usg=AOvVaw1V5BQG1s12nSymYVI3m6t\">Reinigung von Honiggl\u00e4sern<\/a><br><br><a href=\"https:\/\/www.quarks.de\/umwelt\/tierwelt\/darum-solltest-du-honigglaeser-besser-nicht-ungespuelt-wegwerfen\/\">Honiggl\u00e4ser nicht in den Altglascontainer<\/a><br><br><a href=\"https:\/\/www.bee-careful.com\/de\/initiative\/wie-weit-fliegt-ein-bienenvolk-fuer-ein-glas-honig\/\">Aufwand der Bienen f\u00fcr 500 g Honig<\/a><br><br><\/p>\n\n\n\n<p><br><br><\/p>\n","protected":false},"excerpt":{"rendered":"<p>Honig Honigentstehung Reinigung von Honiggl\u00e4sern Honiggl\u00e4ser nicht in den Altglascontainer Aufwand der Bienen f\u00fcr 500 g Honig<\/p>\n","protected":false},"author":1,"featured_media":0,"parent":0,"menu_order":0,"comment_status":"closed","ping_status":"closed","template":"","meta":{"ngg_post_thumbnail":0,"footnotes":""},"class_list":["post-2786","page","type-page","status-publish","hentry"],"_links":{"self":[{"href":"https:\/\/www.die-himmels.de\/index.php?rest_route=\/wp\/v2\/pages\/2786","targetHints":{"allow":["GET"]}}],"collection":[{"href":"https:\/\/www.die-himmels.de\/index.php?rest_route=\/wp\/v2\/pages"}],"about":[{"href":"https:\/\/www.die-himmels.de\/index.php?rest_route=\/wp\/v2\/types\/page"}],"author":[{"embeddable":true,"href":"https:\/\/www.die-himmels.de\/index.php?rest_route=\/wp\/v2\/users\/1"}],"replies":[{"embeddable":true,"href":"https:\/\/www.die-himmels.de\/index.php?rest_route=%2Fwp%2Fv2%2Fcomments&post=2786"}],"version-history":[{"count":2,"href":"https:\/\/www.die-himmels.de\/index.php?rest_route=\/wp\/v2\/pages\/2786\/revisions"}],"predecessor-version":[{"id":2792,"href":"https:\/\/www.die-himmels.de\/index.php?rest_route=\/wp\/v2\/pages\/2786\/revisions\/2792"}],"wp:attachment":[{"href":"https:\/\/www.die-himmels.de\/index.php?rest_route=%2Fwp%2Fv2%2Fmedia&parent=2786"}],"curies":[{"name":"wp","href":"https:\/\/api.w.org\/{rel}","templated":true}]}}